{"id":5684,"date":"2020-06-25T11:32:09","date_gmt":"2020-06-25T09:32:09","guid":{"rendered":"https:\/\/www.fabiopriviterafotografo.it\/?page_id=5684"},"modified":"2023-05-10T19:40:59","modified_gmt":"2023-05-10T17:40:59","slug":"dicono-di-me","status":"publish","type":"page","link":"https:\/\/www.fabiopriviterafotografo.it\/index.php\/dicono-di-me\/","title":{"rendered":"Dicono di me"},"content":{"rendered":"<p><script src=\"https:\/\/cdn1.matrimonio.com\/js\/wp-widget.js?nossl-sf-sui-20200616-04IT72-1_www_m_\"><\/script>\r\n<div id=\"wp-widget-reviews\">\r\n    <div id=\"wp-widget-preview\">\r\n        Leggi <a href=\"https:\/\/www.matrimonio.com\/fotografo-matrimonio\/fabio-privitera-fotografo--e106951\/opinioni\">le nostre recensioni<\/a> a &nbsp;\r\n        <a href='https:\/\/www.matrimonio.com'>\r\n            <img decoding=\"async\" src=\"https:\/\/cdn1.matrimonio.com\/assets\/img\/logos\/gen_logoHeader.svg\" height=\"20\">\r\n        <\/a>\r\n    <\/div>\r\n<\/div>\r\n<script>wpShowReviews(106951, \"red\");<\/script><\/p>\n<div id=\"google-business-reviews-rating\" class=\"google-business-reviews-rating gmbrr\">\r\n\t<h2 class=\"heading\"><span class=\"icon\"><img decoding=\"async\" src=\"https:\/\/www.fabiopriviterafotografo.it\/wp-content\/uploads\/2018\/01\/logo_dark.png\" alt=\"Fabio Privitera fotografo Icon\"><\/span>Fabio Privitera fotografo<\/h2>\r\n\t<p class=\"vicinity\">Via Albert Bruce Sabin, 8, Mascalucia<\/p>\r\n\t<p class=\"rating\"><span class=\"number\">4,9<\/span> <span class=\"all-stars animate\"><span class=\"star\"><\/span><span class=\"star\"><\/span><span class=\"star\"><\/span><span class=\"star\"><\/span><span class=\"star split-90-10\"><\/span><\/span> <a href=\"https:\/\/search.google.com\/local\/reviews?placeid=ChIJDYIJWpT9ExMRtMkqCb7RDd4\" target=\"_blank\" rel=\"nofollow\" class=\"count\">17 reviews<\/a><\/p>\r\n<ul class=\"listing\">\r\n\t\t<li class=\"rating-5\" data-index=\"0\">\r\n\t\t\t<span class=\"author-avatar\"><a href=\"https:\/\/www.google.com\/maps\/contrib\/116052508940835098508\/reviews\" target=\"_blank\" rel=\"nofollow\"><img decoding=\"async\" src=\"https:\/\/lh3.googleusercontent.com\/a\/ACg8ocIKLOQC0wqJqsPF-wMEDP-lb3BPq35UQpT6i2xyewVO9YD4FQ=s128-c0x00000000-cc-rp-mo\" alt=\"Avatar\"><\/a><\/span>\r\n\t\t\t<span class=\"review-meta\">\r\n\t\t\t\t<span class=\"author-name\"><a href=\"https:\/\/www.google.com\/maps\/contrib\/116052508940835098508\/reviews\" target=\"_blank\" rel=\"nofollow\">Federica Sciacca<\/a><\/span>\r\n\t\t\t\t<span class=\"rating\">\u2605\u2605\u2605\u2605\u2605<\/span>\r\n\t\t\t\t<span class=\"relative-time-description\">una settimana fa<\/span>\r\n\t\t\t<\/span>\r\n\t\t\t<div class=\"text text-excerpt\"><span class=\"review-snippet\">Io e mio marito abbiamo scelto Fabio per il nostro matrimonio e, visto l&#039;ottimo lavoro, anche per il battesimo della nostra bambina. Molto professionale, attento e capace di cogliere le emozioni pi\u00f9 autentiche. Foto bellissime, naturali<\/span> <span class=\"review-more-placeholder\">\u2026 More<\/span><span class=\"review-full-text\"> e consegnate nei tempi previsti. Un grazie sincero per aver reso i nostri ricordi cos\u00ec speciali \u2764\ufe0f Lo consigliamo vivamente!<\/span><\/div>\r\n\t\t<\/li>\r\n\t\t<li class=\"rating-5\" data-index=\"1\">\r\n\t\t\t<span class=\"author-avatar\"><a href=\"https:\/\/www.google.com\/maps\/contrib\/116027928753787973446\/reviews\" target=\"_blank\" rel=\"nofollow\"><img decoding=\"async\" src=\"https:\/\/lh3.googleusercontent.com\/a\/ACg8ocIA8Boa3SpdTtNCWGY_yPRt2g5PIqJqh5XeNEI35EZ3uAfl32k=s128-c0x00000000-cc-rp-mo\" alt=\"Avatar\"><\/a><\/span>\r\n\t\t\t<span class=\"review-meta\">\r\n\t\t\t\t<span class=\"author-name\"><a href=\"https:\/\/www.google.com\/maps\/contrib\/116027928753787973446\/reviews\" target=\"_blank\" rel=\"nofollow\">Account google<\/a><\/span>\r\n\t\t\t\t<span class=\"rating\">\u2605\u2605\u2605\u2605\u2605<\/span>\r\n\t\t\t\t<span class=\"relative-time-description\">2 mesi fa<\/span>\r\n\t\t\t<\/span>\r\n\t\t\t<div class=\"text text-excerpt\"><span class=\"review-snippet\">Io e mia moglie ci siamo affidati a Fabio Privitera e al suo straordinario staff, e non potevamo fare scelta migliore. Fin dal primo incontro ci ha trasmesso fiducia, professionalit\u00e0 e una cura maniacale per ogni dettaglio. Ha organizzato<\/span> <span class=\"review-more-placeholder\">\u2026 More<\/span><span class=\"review-full-text\"> il lavoro nei minimi particolari, guidandoci con discrezione e sicurezza in ogni fase, dalla preparazione fino all\u2019ultimo scatto. Ogni foto racconta un\u2019emozione vera, ogni immagine \u00e8 studiata con un gusto impeccabile, riuscendo a catturare sorrisi, sguardi e momenti che resteranno per sempre nei nostri cuori. Lo staff, sempre sorridente e disponibile, ha lavorato in perfetta sintonia, rendendo tutto naturale e senza mai essere invadente. Fabio non \u00e8 solo un fotografo, ma un vero narratore di emozioni: grazie a lui rivivremo il nostro matrimonio ogni volta che sfoglieremo il nostro album.<br>\n\t\t\t\tALESSIO E JANETTE 09\/08\/2025<\/span><\/div>\r\n\t\t<\/li>\r\n\t\t<li class=\"rating-5\" data-index=\"2\">\r\n\t\t\t<span class=\"author-avatar\"><a href=\"https:\/\/www.google.com\/maps\/contrib\/101642988057279526335\/reviews\" target=\"_blank\" rel=\"nofollow\"><img decoding=\"async\" src=\"https:\/\/lh3.googleusercontent.com\/a-\/ALV-UjVghHeOnIqWKbxjvLUUZegTjGjRFeRy9eK8JhdUpz3gy2fBcM8=s128-c0x00000000-cc-rp-mo-ba3\" alt=\"Avatar\"><\/a><\/span>\r\n\t\t\t<span class=\"review-meta\">\r\n\t\t\t\t<span class=\"author-name\"><a href=\"https:\/\/www.google.com\/maps\/contrib\/101642988057279526335\/reviews\" target=\"_blank\" rel=\"nofollow\">Antonino Sciuto<\/a><\/span>\r\n\t\t\t\t<span class=\"rating\">\u2605\u2605\u2605\u2605\u2605<\/span>\r\n\t\t\t\t<span class=\"relative-time-description\">4 mesi fa<\/span>\r\n\t\t\t<\/span>\r\n\t\t\t<div class=\"text text-excerpt\"><span class=\"review-snippet\">Semplicemente Perfetti! Il Sogno Trasformato in Eterni Ricordi<br>\n\t\t\t\tNon ci sono parole sufficienti per esprimere la nostra gratitudine e ammirazione per Fabio Privitera e il suo incredibile staff, Sara, Seby ed Emanuele. Per il nostro matrimonio,<\/span> <span class=\"review-more-placeholder\">\u2026 More<\/span><span class=\"review-full-text\"> cercavamo non solo dei fotografi, ma dei veri e propri artisti capaci di catturare l&#039;anima e l&#039;emozione di ogni singolo istante, e loro hanno superato ogni aspettativa. Se potessimo dare dieci stelle, lo faremmo!<br>\n\t\t\t\tFin dal primo contatto, Fabio si \u00e8 dimostrato un professionista impeccabile: attento, disponibile, e con una visione chiara di come rendere indimenticabile il nostro giorno. Ci ha guidato con la sua esperienza, mettendoci a nostro agio e facendoci sentire parte di un progetto condiviso.<br>\n\t\t\t\tIl giorno del matrimonio, la presenza di Fabio, Sara, Seby ed Emanuele \u00e8 stata discreta ma onnipresente. Hanno lavorato in perfetta sintonia, quasi invisibili, eppure capaci di cogliere ogni sorriso, ogni lacrima di gioia, ogni sguardo significativo. Hanno gestito i tempi e le nostre richieste in modo a dir poco perfetto.<br>\n\t\t\t\tLa loro professionalit\u00e0 \u00e8 pari solo alla loro passione. Si percepiva chiaramente quanto amino il loro lavoro e quanto ci tenessero a regalarci il meglio.<br>\n\t\t\t\tIl risultato finale? Un capolavoro! Ogni foto \u00e8 un&#039;opera d&#039;arte, un&#039;emozione pura. La qualit\u00e0 delle immagini \u00e8 eccezionale, la composizione perfetta, e la capacit\u00e0 di raccontare una storia attraverso i loro scatti \u00e8 a dir poco commovente. Hanno catturato l&#039;essenza della nostra giornata in un modo che pensavamo fosse impossibile.<br>\n\t\t\t\tNon solo ci hanno fornito un servizio fotografico incredibile, ma ci hanno anche lasciato un ricordo tangibile e indelebile del giorno pi\u00f9 bello della nostra vita. Scegliere Fabio e il suo team \u00e8 stata una delle migliori decisioni che abbiamo preso per il nostro matrimonio.<br>\n\t\t\t\tConsigliamo Fabio Privitera e il suo staff a chiunque cerchi non un semplice fotografo, ma un team di professionisti d&#039;\u00e9lite, artisti capaci di trasformare i vostri momenti pi\u00f9 preziosi in eterne e meravigliose opere d&#039;arte.<br>\n\t\t\t\tGrazie di cuore, Fabio, Sara, Seby ed Emanuele, per aver reso il nostro sogno una realt\u00e0 cos\u00ec vivida e indimenticabile!<\/span><\/div>\r\n\t\t<\/li>\r\n\t\t<li class=\"rating-5\" data-index=\"3\">\r\n\t\t\t<span class=\"author-avatar\"><a href=\"https:\/\/www.google.com\/maps\/contrib\/115043058499413891516\/reviews\" target=\"_blank\" rel=\"nofollow\"><img decoding=\"async\" src=\"https:\/\/lh3.googleusercontent.com\/a-\/ALV-UjXE3beUuskkyGZLsJ6aiqS7NwmDYi4mrPRI6q2d8FBN6hsizn9-=s128-c0x00000000-cc-rp-mo-ba4\" alt=\"Avatar\"><\/a><\/span>\r\n\t\t\t<span class=\"review-meta\">\r\n\t\t\t\t<span class=\"author-name\"><a href=\"https:\/\/www.google.com\/maps\/contrib\/115043058499413891516\/reviews\" target=\"_blank\" rel=\"nofollow\">Luigi Bellavia<\/a><\/span>\r\n\t\t\t\t<span class=\"rating\">\u2605\u2605\u2605\u2605\u2605<\/span>\r\n\t\t\t\t<span class=\"relative-time-description\">un anno fa<\/span>\r\n\t\t\t<\/span>\r\n\t\t\t<div class=\"text\">Tutto OK<\/div>\r\n\t\t<\/li>\r\n\t\t<li class=\"rating-5\" data-index=\"4\">\r\n\t\t\t<span class=\"author-avatar\"><a href=\"https:\/\/www.google.com\/maps\/contrib\/111700936774766598998\/reviews\" target=\"_blank\" rel=\"nofollow\"><img decoding=\"async\" src=\"https:\/\/lh3.googleusercontent.com\/a\/ACg8ocLq_9UQhC7nYRMI_4lV7Ag1cdpC_v4t9VZ11WdRQJtLfTlQ0A=s128-c0x00000000-cc-rp-mo\" alt=\"Avatar\"><\/a><\/span>\r\n\t\t\t<span class=\"review-meta\">\r\n\t\t\t\t<span class=\"author-name\"><a href=\"https:\/\/www.google.com\/maps\/contrib\/111700936774766598998\/reviews\" target=\"_blank\" rel=\"nofollow\">GRAZIA FRANCESCA ARDITO<\/a><\/span>\r\n\t\t\t\t<span class=\"rating\">\u2605\u2605\u2605\u2605\u2605<\/span>\r\n\t\t\t\t<span class=\"relative-time-description\">un anno fa<\/span>\r\n\t\t\t<\/span>\r\n\t\t\t<div class=\"text text-excerpt\"><span class=\"review-snippet\">Ieri si \u00e8 sposata mia figlia e volevo ringraziare Fabio Privitera che ha realizzato il servizio fotografico rendendo questo giorno indimenticabile per l&#039; intensit\u00e0 e la creativit\u00e0 di ogni momento pieno di emozioni che ha saputo sottolineare<\/span> <span class=\"review-more-placeholder\">\u2026 More<\/span><span class=\"review-full-text\"><\/span><\/div>\r\n\t\t<\/li>\r\n\t\t<li class=\"rating-5\" data-index=\"5\">\r\n\t\t\t<span class=\"author-avatar\"><a href=\"https:\/\/www.google.com\/maps\/contrib\/107566705662802613897\/reviews\" target=\"_blank\" rel=\"nofollow\"><img decoding=\"async\" src=\"https:\/\/lh3.googleusercontent.com\/a\/ACg8ocLy8hLfJdlw-NhBQn5CzTYHtK2A-VUxyTRX_44S2j2LIO2Fqj0=s128-c0x00000000-cc-rp-mo\" alt=\"Avatar\"><\/a><\/span>\r\n\t\t\t<span class=\"review-meta\">\r\n\t\t\t\t<span class=\"author-name\"><a href=\"https:\/\/www.google.com\/maps\/contrib\/107566705662802613897\/reviews\" target=\"_blank\" rel=\"nofollow\">Michela Sirignano<\/a><\/span>\r\n\t\t\t\t<span class=\"rating\">\u2605\u2605\u2605\u2605\u2605<\/span>\r\n\t\t\t\t<span class=\"relative-time-description\">un anno fa<\/span>\r\n\t\t\t<\/span>\r\n\t\t\t<div class=\"text text-excerpt\"><span class=\"review-snippet\">Ci siamo sposati il 30 giugno 2024 e abbiamo avuto la fortuna di incontrare questa persona per noi davvero speciale che ha raccontato il nostro amore con le sue fotografie!!Non potete capire la passione che Fabio ed il suo staff provano<\/span> <span class=\"review-more-placeholder\">\u2026 More<\/span><span class=\"review-full-text\"> per il loro lavoro finch\u00e9 non li incontrate!!! Avere avuto lui al nostro fianco nel nostro grande giorno, \u00e8 stata una fortuna perch\u00e9 entra dentro la vostra storia, la vive e la racconta! Ho visto molti fotografi di matrimonio, ma una persona, che oltre a fare bene il suo lavoro, ci entra dentro non ha prezzo. Vale ogni centesimo speso!!! STRACONSIGLIATO!!!<\/span><\/div>\r\n\t\t<\/li>\r\n\t\t<li class=\"rating-4\" data-index=\"6\">\r\n\t\t\t<span class=\"author-avatar\"><a href=\"https:\/\/www.google.com\/maps\/contrib\/107472750853766044766\/reviews\" target=\"_blank\" rel=\"nofollow\"><img decoding=\"async\" src=\"https:\/\/lh3.googleusercontent.com\/a-\/ALV-UjX1WMD8lyfmFmqv_fDeQ-sBSNKZOvsElE3rNS1suBEnOnc=s128-c0x00000000-cc-rp-mo-ba4\" alt=\"Avatar\"><\/a><\/span>\r\n\t\t\t<span class=\"review-meta\">\r\n\t\t\t\t<span class=\"author-name\"><a href=\"https:\/\/www.google.com\/maps\/contrib\/107472750853766044766\/reviews\" target=\"_blank\" rel=\"nofollow\">Filippo F<\/a><\/span>\r\n\t\t\t\t<span class=\"rating\">\u2605\u2605\u2605\u2605<span class=\"not\">\u2606<\/span><\/span>\r\n\t\t\t\t<span class=\"relative-time-description\">3 anni fa<\/span>\r\n\t\t\t<\/span>\r\n\t\t\t<div class=\"text\">Una sicurezza<\/div>\r\n\t\t<\/li>\r\n\t\t<li class=\"rating-5\" data-index=\"7\">\r\n\t\t\t<span class=\"author-avatar\"><a href=\"https:\/\/www.google.com\/maps\/contrib\/104011200185962320947\/reviews\" target=\"_blank\" rel=\"nofollow\"><img decoding=\"async\" src=\"https:\/\/lh3.googleusercontent.com\/a-\/ALV-UjU6aoAleUC2foZIy6u5khM8q4ffn49AIFGAcnPAs7xldcQWTtg=s128-c0x00000000-cc-rp-mo\" alt=\"Avatar\"><\/a><\/span>\r\n\t\t\t<span class=\"review-meta\">\r\n\t\t\t\t<span class=\"author-name\"><a href=\"https:\/\/www.google.com\/maps\/contrib\/104011200185962320947\/reviews\" target=\"_blank\" rel=\"nofollow\">Francesca Santo<\/a><\/span>\r\n\t\t\t\t<span class=\"rating\">\u2605\u2605\u2605\u2605\u2605<\/span>\r\n\t\t\t\t<span class=\"relative-time-description\">2 anni fa<\/span>\r\n\t\t\t<\/span>\r\n\t\t\t<div class=\"text text-excerpt\"><span class=\"review-snippet\">Quando abbiamo scelto Fabio Privitera come fotografo lo abbiamo fatto a pelle, istintivamente guardando solo le sue foto e riscontrando gi\u00e0 dal primo incontro affidabilit\u00e0 e seriet\u00e0.<br>\n\t\t\t\tOggi posso confermare che tutte le recensioni che ho<\/span> <span class=\"review-more-placeholder\">\u2026 More<\/span><span class=\"review-full-text\"> successivamente letto sui suoi profili sono vere e per nulla gonfiate.<br>\n\t\t\t\tCercavamo un fotografo che avesse rispetto del rito, che fosse riservato e soprattutto che riuscisse a gestire la nostra incapacit\u00e0 nel farci fotografare e Fabio ed il suo staff sono tutto questo. \u2764\ufe0f<br>\n\t\t\t\tFabio, Sara, Seby ed Emanuele non si sono limitati solo a realizzare il servizio fotografico ma sono diventati anche confidenti, psicologi in grado di cancellare qualsiasi ansia o dubbio, riuscendo a far fronte a qualsiasi tipo di imprevisto, con una stoica calma tirando fuori solo le emozioni positive.<br>\n\t\t\t\tE soprattutto la cosa per noi pi\u00f9 importante \u00e8 stata la puntualit\u00e0 sia in chiesa che al locale e il non obbligarci mai a fare nulla di standardizzato o preconfezionato, riprendendo solo la nostra pura essenza di coppia come fossimo solo noi presenti in quel momento.<br>\n\t\t\t\tSe prima io e mio marito fossimo terrorizzati dall\u2019idea di stare davanti ad un obiettivo fotografico adesso non vediamo l\u2019ora di scattare anche le foto del post wedding e soprattutto di vederne il risultato finale che con un team cos\u00ec non potr\u00e0 che essere meraviglioso!<br>\n\t\t\t\tGrazie Santo e Francesca \u2764\ufe0f<\/span><\/div>\r\n\t\t<\/li>\r\n\t\t<li class=\"rating-5\" data-index=\"8\">\r\n\t\t\t<span class=\"author-avatar\"><a href=\"https:\/\/www.google.com\/maps\/contrib\/101794137407140581583\/reviews\" target=\"_blank\" rel=\"nofollow\"><img decoding=\"async\" src=\"https:\/\/lh3.googleusercontent.com\/a-\/AD_cMMQgthIcCZ9Pho9XTYvedrfQbO2SZGtItJ6hlTuPsg=s128-c0x00000000-cc-rp-mo-ba3\" alt=\"Avatar\"><\/a><\/span>\r\n\t\t\t<span class=\"review-meta\">\r\n\t\t\t\t<span class=\"author-name\"><a href=\"https:\/\/www.google.com\/maps\/contrib\/101794137407140581583\/reviews\" target=\"_blank\" rel=\"nofollow\">Martina Palumbo<\/a><\/span>\r\n\t\t\t\t<span class=\"rating\">\u2605\u2605\u2605\u2605\u2605<\/span>\r\n\t\t\t\t<span class=\"relative-time-description\">3 anni fa<\/span>\r\n\t\t\t<\/span>\r\n\t\t<\/li>\r\n\t\t<li class=\"rating-5\" data-index=\"9\">\r\n\t\t\t<span class=\"author-avatar\"><a href=\"https:\/\/www.google.com\/maps\/contrib\/105568411513000523770\/reviews\" target=\"_blank\" rel=\"nofollow\"><img decoding=\"async\" src=\"https:\/\/lh3.googleusercontent.com\/a\/AGNmyxbe0UU70tE0-HSOPbf_qcdHq1BUBEj1FJVyFbW62Q=s128-c0x00000000-cc-rp-mo\" alt=\"Avatar\"><\/a><\/span>\r\n\t\t\t<span class=\"review-meta\">\r\n\t\t\t\t<span class=\"author-name\"><a href=\"https:\/\/www.google.com\/maps\/contrib\/105568411513000523770\/reviews\" target=\"_blank\" rel=\"nofollow\">Sara Marletta<\/a><\/span>\r\n\t\t\t\t<span class=\"rating\">\u2605\u2605\u2605\u2605\u2605<\/span>\r\n\t\t\t\t<span class=\"relative-time-description\">3 anni fa<\/span>\r\n\t\t\t<\/span>\r\n\t\t\t<div class=\"text\">Fabio e il suo staff sono dei professionisti, puntuali e attenti a tutto. Super consigliato<\/div>\r\n\t\t<\/li>\r\n\t\t<li class=\"rating-5\" data-index=\"10\">\r\n\t\t\t<span class=\"author-avatar\"><a href=\"https:\/\/www.google.com\/maps\/contrib\/103220362966446905870\/reviews\" target=\"_blank\" rel=\"nofollow\"><img decoding=\"async\" src=\"https:\/\/lh3.googleusercontent.com\/a\/AGNmyxbkp0GtSosS-SHGfgKc5Pk_4BGYkIlJVkFzXVGN=s128-c0x00000000-cc-rp-mo\" alt=\"Avatar\"><\/a><\/span>\r\n\t\t\t<span class=\"review-meta\">\r\n\t\t\t\t<span class=\"author-name\"><a href=\"https:\/\/www.google.com\/maps\/contrib\/103220362966446905870\/reviews\" target=\"_blank\" rel=\"nofollow\">IreneFra Trovato<\/a><\/span>\r\n\t\t\t\t<span class=\"rating\">\u2605\u2605\u2605\u2605\u2605<\/span>\r\n\t\t\t\t<span class=\"relative-time-description\">3 anni fa<\/span>\r\n\t\t\t<\/span>\r\n\t\t\t<div class=\"text\">Ci\u00f2 che colpisce di Fabio Privitera, oltre alla grande professionalit\u00e0, \u00e8 la passione che mette nel suo lavoro.<\/div>\r\n\t\t<\/li>\r\n\t\t<li class=\"rating-5\" data-index=\"11\">\r\n\t\t\t<span class=\"author-avatar\"><a href=\"https:\/\/www.google.com\/maps\/contrib\/117442809297409299976\/reviews\" target=\"_blank\" rel=\"nofollow\"><img decoding=\"async\" src=\"https:\/\/lh3.googleusercontent.com\/a-\/ACB-R5RPjYzOjJngdVkK9yCOAfNrrnZOTcJhoVaDUqq-sw=s128-c0x00000000-cc-rp-mo-ba4\" alt=\"Avatar\"><\/a><\/span>\r\n\t\t\t<span class=\"review-meta\">\r\n\t\t\t\t<span class=\"author-name\"><a href=\"https:\/\/www.google.com\/maps\/contrib\/117442809297409299976\/reviews\" target=\"_blank\" rel=\"nofollow\">Gianluca Cullur\u00e0<\/a><\/span>\r\n\t\t\t\t<span class=\"rating\">\u2605\u2605\u2605\u2605\u2605<\/span>\r\n\t\t\t\t<span class=\"relative-time-description\">5 anni fa<\/span>\r\n\t\t\t<\/span>\r\n\t\t<\/li>\r\n\t\t<li class=\"rating-5\" data-index=\"12\">\r\n\t\t\t<span class=\"author-avatar\"><a href=\"https:\/\/www.google.com\/maps\/contrib\/116979203073507128475\/reviews\" target=\"_blank\" rel=\"nofollow\"><img decoding=\"async\" src=\"https:\/\/lh3.googleusercontent.com\/a\/AGNmyxaU1i6CzaxZT2rbeBBH5x9EBq5D9HGZJN1KPW_F=s128-c0x00000000-cc-rp-mo-ba3\" alt=\"Avatar\"><\/a><\/span>\r\n\t\t\t<span class=\"review-meta\">\r\n\t\t\t\t<span class=\"author-name\"><a href=\"https:\/\/www.google.com\/maps\/contrib\/116979203073507128475\/reviews\" target=\"_blank\" rel=\"nofollow\">Emanuele Pizzo<\/a><\/span>\r\n\t\t\t\t<span class=\"rating\">\u2605\u2605\u2605\u2605\u2605<\/span>\r\n\t\t\t\t<span class=\"relative-time-description\">5 anni fa<\/span>\r\n\t\t\t<\/span>\r\n\t\t<\/li>\r\n\t\t<li class=\"rating-5\" data-index=\"13\">\r\n\t\t\t<span class=\"author-avatar\"><a href=\"https:\/\/www.google.com\/maps\/contrib\/116523897417624280879\/reviews\" target=\"_blank\" rel=\"nofollow\"><img decoding=\"async\" src=\"https:\/\/lh3.googleusercontent.com\/a-\/ACB-R5QLeHaLlhviRnyUx9Fgz1efPZKIohaRri7iCa1GXw=s128-c0x00000000-cc-rp-mo-ba4\" alt=\"Avatar\"><\/a><\/span>\r\n\t\t\t<span class=\"review-meta\">\r\n\t\t\t\t<span class=\"author-name\"><a href=\"https:\/\/www.google.com\/maps\/contrib\/116523897417624280879\/reviews\" target=\"_blank\" rel=\"nofollow\">Domenico Sapienza<\/a><\/span>\r\n\t\t\t\t<span class=\"rating\">\u2605\u2605\u2605\u2605\u2605<\/span>\r\n\t\t\t\t<span class=\"relative-time-description\">7 anni fa<\/span>\r\n\t\t\t<\/span>\r\n\t\t\t<div class=\"text\">Ottimo servizio fotografico per il matrimonio di mia figlia.<\/div>\r\n\t\t<\/li>\r\n\t\t<li class=\"rating-5\" data-index=\"14\">\r\n\t\t\t<span class=\"author-avatar\"><a href=\"https:\/\/www.google.com\/maps\/contrib\/100281721634761155577\/reviews\" target=\"_blank\" rel=\"nofollow\"><img decoding=\"async\" src=\"https:\/\/lh3.googleusercontent.com\/a-\/ACB-R5Rjt6QoDx9EOmIzduureNfEjWnV5s8jBImmvaptSg=s128-c0x00000000-cc-rp-mo-ba2\" alt=\"Avatar\"><\/a><\/span>\r\n\t\t\t<span class=\"review-meta\">\r\n\t\t\t\t<span class=\"author-name\"><a href=\"https:\/\/www.google.com\/maps\/contrib\/100281721634761155577\/reviews\" target=\"_blank\" rel=\"nofollow\">lucia mangani<\/a><\/span>\r\n\t\t\t\t<span class=\"rating\">\u2605\u2605\u2605\u2605\u2605<\/span>\r\n\t\t\t\t<span class=\"relative-time-description\">8 anni fa<\/span>\r\n\t\t\t<\/span>\r\n\t\t<\/li>\r\n\t<\/ul>\r\n\t<p class=\"attribution\"><span class=\"powered-by-google\" title=\"Powered by Google\"><\/span><\/p>\r\n<\/div>\r\n\n<a href=\"https:\/\/search.google.com\/local\/writereview?placeid=ChIJDYIJWpT9ExMRtMkqCb7RDd4\" rel=\"nofollow\">Scrivi una recensione su Google<\/a>\n","protected":false},"excerpt":{"rendered":"<p>Leggi le nostre recensioni a &nbsp;<\/p>\n","protected":false},"author":1,"featured_media":0,"parent":0,"menu_order":0,"comment_status":"closed","ping_status":"closed","template":"","meta":{"footnotes":""},"class_list":["post-5684","page","type-page","status-publish","hentry"],"_links":{"self":[{"href":"https:\/\/www.fabiopriviterafotografo.it\/index.php\/wp-json\/wp\/v2\/pages\/5684","targetHints":{"allow":["GET"]}}],"collection":[{"href":"https:\/\/www.fabiopriviterafotografo.it\/index.php\/wp-json\/wp\/v2\/pages"}],"about":[{"href":"https:\/\/www.fabiopriviterafotografo.it\/index.php\/wp-json\/wp\/v2\/types\/page"}],"author":[{"embeddable":true,"href":"https:\/\/www.fabiopriviterafotografo.it\/index.php\/wp-json\/wp\/v2\/users\/1"}],"replies":[{"embeddable":true,"href":"https:\/\/www.fabiopriviterafotografo.it\/index.php\/wp-json\/wp\/v2\/comments?post=5684"}],"version-history":[{"count":4,"href":"https:\/\/www.fabiopriviterafotografo.it\/index.php\/wp-json\/wp\/v2\/pages\/5684\/revisions"}],"predecessor-version":[{"id":5686,"href":"https:\/\/www.fabiopriviterafotografo.it\/index.php\/wp-json\/wp\/v2\/pages\/5684\/revisions\/5686"}],"wp:attachment":[{"href":"https:\/\/www.fabiopriviterafotografo.it\/index.php\/wp-json\/wp\/v2\/media?parent=5684"}],"curies":[{"name":"wp","href":"https:\/\/api.w.org\/{rel}","templated":true}]}}